{"id":129,"date":"2025-06-12T08:55:35","date_gmt":"2025-06-12T08:55:35","guid":{"rendered":"https:\/\/hasannahi.com\/?page_id=129"},"modified":"2025-06-12T08:55:35","modified_gmt":"2025-06-12T08:55:35","slug":"historiku","status":"publish","type":"page","link":"https:\/\/hasannahi.com\/?page_id=129","title":{"rendered":"Historiku"},"content":{"rendered":"\n<p>I themeluar n\u00eb vitin 2013, gjimnazi \u201cHasan Nahi\u201d mori emrin nga nj\u00eb nd\u00ebr figurat m\u00eb t\u00eb ndritura t\u00eb arsimit dhe shkenc\u00ebs shqiptare. Q\u00eb nga viti i par\u00eb, shkolla nisi t\u00eb t\u00ebrheq\u00eb v\u00ebmendje me rezultatet e larta n\u00eb testime komb\u00ebtare dhe me pjes\u00ebmarrjen e suksesshme n\u00eb garat shkencore, si: ASEF, GENIUS Olympiad, INFOMATRIX, dhe I-SWEEEP.<\/p>\n\n\n\n<p>N\u00eb vitin 2017, gjimnazi hyri n\u00eb historin\u00eb e arsimit t\u00eb mes\u00ebm n\u00eb Kosov\u00eb duke organizuar edicionin m\u00eb t\u00eb madh t\u00eb gar\u00ebs Eureka me mbi 2000 nx\u00ebn\u00ebs.<\/p>\n\n\n\n<p>Nd\u00ebr vite, shkolla \u00ebsht\u00eb pasuruar me staf t\u00eb kualifikuar, laborator\u00eb bashk\u00ebkohor\u00eb dhe rrjete nd\u00ebrkomb\u00ebtare bashk\u00ebpunimi.<\/p>\n","protected":false},"excerpt":{"rendered":"<p>I themeluar n\u00eb vitin 2013, gjimnazi \u201cHasan Nahi\u201d mori emrin nga nj\u00eb nd\u00ebr figurat m\u00eb t\u00eb ndritura t\u00eb arsimit dhe shkenc\u00ebs shqiptare. Q\u00eb nga viti i par\u00eb, shkolla nisi t\u00eb t\u00ebrheq\u00eb v\u00ebmendje me rezultatet e larta n\u00eb testime komb\u00ebtare dhe me pjes\u00ebmarrjen e suksesshme n\u00eb garat shkencore, si: ASEF, GENIUS Olympiad, INFOMATRIX, dhe I-SWEEEP. N\u00eb [&hellip;]<\/p>\n","protected":false},"author":1,"featured_media":0,"parent":0,"menu_order":0,"comment_status":"closed","ping_status":"closed","template":"","meta":{"footnotes":""},"class_list":["post-129","page","type-page","status-publish","hentry"],"_links":{"self":[{"href":"https:\/\/hasannahi.com\/index.php?rest_route=\/wp\/v2\/pages\/129","targetHints":{"allow":["GET"]}}],"collection":[{"href":"https:\/\/hasannahi.com\/index.php?rest_route=\/wp\/v2\/pages"}],"about":[{"href":"https:\/\/hasannahi.com\/index.php?rest_route=\/wp\/v2\/types\/page"}],"author":[{"embeddable":true,"href":"https:\/\/hasannahi.com\/index.php?rest_route=\/wp\/v2\/users\/1"}],"replies":[{"embeddable":true,"href":"https:\/\/hasannahi.com\/index.php?rest_route=%2Fwp%2Fv2%2Fcomments&post=129"}],"version-history":[{"count":1,"href":"https:\/\/hasannahi.com\/index.php?rest_route=\/wp\/v2\/pages\/129\/revisions"}],"predecessor-version":[{"id":130,"href":"https:\/\/hasannahi.com\/index.php?rest_route=\/wp\/v2\/pages\/129\/revisions\/130"}],"wp:attachment":[{"href":"https:\/\/hasannahi.com\/index.php?rest_route=%2Fwp%2Fv2%2Fmedia&parent=129"}],"curies":[{"name":"wp","href":"https:\/\/api.w.org\/{rel}","templated":true}]}}