{"id":131,"date":"2025-06-12T08:56:14","date_gmt":"2025-06-12T08:56:14","guid":{"rendered":"https:\/\/hasannahi.com\/?page_id=131"},"modified":"2025-06-12T08:56:14","modified_gmt":"2025-06-12T08:56:14","slug":"vlerat-tona","status":"publish","type":"page","link":"https:\/\/hasannahi.com\/?page_id=131","title":{"rendered":"Vlerat tona"},"content":{"rendered":"\n<ul class=\"wp-block-list\">\n<li>Edukat\u00eb dhe ndershm\u00ebri \u2013 i m\u00ebsojm\u00eb nx\u00ebn\u00ebsit t\u00eb jen\u00eb t\u00eb ndersh\u00ebm dhe etik\u00eb n\u00eb \u00e7do aspekt t\u00eb jet\u00ebs;<\/li>\n\n\n\n<li>Arritje akademike &#8211; synimi yn\u00eb \u00ebsht\u00eb p\u00ebrgatitja e nx\u00ebn\u00ebsve q\u00eb t\u00eb dallohen n\u00eb \u00e7do fush\u00eb;<\/li>\n\n\n\n<li>Inovacion \u2013 nxisim kreativitetin, p\u00ebrdorimin e teknologjis\u00eb dhe mendimin kritik;<\/li>\n\n\n\n<li>Bashk\u00ebpunim \u2013 promovojm\u00eb pun\u00ebn n\u00eb grup dhe shk\u00ebmbimin e ideve;<\/li>\n\n\n\n<li>Barazi dhe gjithp\u00ebrfshirje \u2013 \u00e7do nx\u00ebn\u00ebs ka mund\u00ebsi t\u00eb barabarta p\u00ebr t\u00eb arritur suksesin.<\/li>\n<\/ul>\n","protected":false},"excerpt":{"rendered":"","protected":false},"author":1,"featured_media":0,"parent":0,"menu_order":0,"comment_status":"closed","ping_status":"closed","template":"","meta":{"footnotes":""},"class_list":["post-131","page","type-page","status-publish","hentry"],"_links":{"self":[{"href":"https:\/\/hasannahi.com\/index.php?rest_route=\/wp\/v2\/pages\/131","targetHints":{"allow":["GET"]}}],"collection":[{"href":"https:\/\/hasannahi.com\/index.php?rest_route=\/wp\/v2\/pages"}],"about":[{"href":"https:\/\/hasannahi.com\/index.php?rest_route=\/wp\/v2\/types\/page"}],"author":[{"embeddable":true,"href":"https:\/\/hasannahi.com\/index.php?rest_route=\/wp\/v2\/users\/1"}],"replies":[{"embeddable":true,"href":"https:\/\/hasannahi.com\/index.php?rest_route=%2Fwp%2Fv2%2Fcomments&post=131"}],"version-history":[{"count":1,"href":"https:\/\/hasannahi.com\/index.php?rest_route=\/wp\/v2\/pages\/131\/revisions"}],"predecessor-version":[{"id":132,"href":"https:\/\/hasannahi.com\/index.php?rest_route=\/wp\/v2\/pages\/131\/revisions\/132"}],"wp:attachment":[{"href":"https:\/\/hasannahi.com\/index.php?rest_route=%2Fwp%2Fv2%2Fmedia&parent=131"}],"curies":[{"name":"wp","href":"https:\/\/api.w.org\/{rel}","templated":true}]}}