{"id":135,"date":"2025-06-12T08:57:07","date_gmt":"2025-06-12T08:57:07","guid":{"rendered":"https:\/\/hasannahi.com\/?page_id=135"},"modified":"2025-06-12T08:57:07","modified_gmt":"2025-06-12T08:57:07","slug":"politikat-institucionale","status":"publish","type":"page","link":"https:\/\/hasannahi.com\/?page_id=135","title":{"rendered":"Politikat institucionale"},"content":{"rendered":"\n<p>Gjimnazi \u201cHasan Nahi\u201d operon sipas nj\u00eb kornize t\u00eb qart\u00eb dhe t\u00eb strukturuar politike q\u00eb mb\u00ebshtetet n\u00eb:<\/p>\n\n\n\n<ul class=\"wp-block-list\">\n<li>Politika t\u00eb barazis\u00eb dhe anti-diskriminimit;<\/li>\n\n\n\n<li>Politika t\u00eb vler\u00ebsimit t\u00eb drejt\u00eb dhe t\u00eb pavarur t\u00eb nx\u00ebn\u00ebsve;<\/li>\n\n\n\n<li>Politika t\u00eb siguris\u00eb n\u00eb shkoll\u00eb dhe etik\u00ebs n\u00eb sjellje;<\/li>\n\n\n\n<li>Mb\u00ebshtetje psikologjike dhe akademike p\u00ebr \u00e7do nx\u00ebn\u00ebs;<\/li>\n\n\n\n<li>Integrim t\u00eb m\u00ebsimdh\u00ebnies moderne dhe digjitale n\u00eb t\u00eb gjitha l\u00ebnd\u00ebt.<\/li>\n<\/ul>\n","protected":false},"excerpt":{"rendered":"<p>Gjimnazi \u201cHasan Nahi\u201d operon sipas nj\u00eb kornize t\u00eb qart\u00eb dhe t\u00eb strukturuar politike q\u00eb mb\u00ebshtetet n\u00eb:<\/p>\n","protected":false},"author":1,"featured_media":0,"parent":0,"menu_order":0,"comment_status":"closed","ping_status":"closed","template":"","meta":{"footnotes":""},"class_list":["post-135","page","type-page","status-publish","hentry"],"_links":{"self":[{"href":"https:\/\/hasannahi.com\/index.php?rest_route=\/wp\/v2\/pages\/135","targetHints":{"allow":["GET"]}}],"collection":[{"href":"https:\/\/hasannahi.com\/index.php?rest_route=\/wp\/v2\/pages"}],"about":[{"href":"https:\/\/hasannahi.com\/index.php?rest_route=\/wp\/v2\/types\/page"}],"author":[{"embeddable":true,"href":"https:\/\/hasannahi.com\/index.php?rest_route=\/wp\/v2\/users\/1"}],"replies":[{"embeddable":true,"href":"https:\/\/hasannahi.com\/index.php?rest_route=%2Fwp%2Fv2%2Fcomments&post=135"}],"version-history":[{"count":1,"href":"https:\/\/hasannahi.com\/index.php?rest_route=\/wp\/v2\/pages\/135\/revisions"}],"predecessor-version":[{"id":136,"href":"https:\/\/hasannahi.com\/index.php?rest_route=\/wp\/v2\/pages\/135\/revisions\/136"}],"wp:attachment":[{"href":"https:\/\/hasannahi.com\/index.php?rest_route=%2Fwp%2Fv2%2Fmedia&parent=135"}],"curies":[{"name":"wp","href":"https:\/\/api.w.org\/{rel}","templated":true}]}}