{"id":137,"date":"2025-06-12T08:58:06","date_gmt":"2025-06-12T08:58:06","guid":{"rendered":"https:\/\/hasannahi.com\/?page_id=137"},"modified":"2025-06-12T08:58:06","modified_gmt":"2025-06-12T08:58:06","slug":"arritjet","status":"publish","type":"page","link":"https:\/\/hasannahi.com\/?page_id=137","title":{"rendered":"Arritjet"},"content":{"rendered":"\n<p>Nd\u00ebr arritjet m\u00eb t\u00eb m\u00ebdha p\u00ebrfshihen:<\/p>\n\n\n\n<ul class=\"wp-block-list\">\n<li>Genius Olympiad \u2013 SHBA 2017: Medalje argjendi p\u00ebr projektin kushtuar mbrojtjes s\u00eb ambientit;<\/li>\n\n\n\n<li>Golden Climate \u2013 Kenia 2017: Dy medalje ari;<\/li>\n\n\n\n<li>I-SWEEEP \u2013 SHBA 2015 &amp; 2017: Kat\u00ebr medalje (dy argjendi, dy bronzi);<\/li>\n\n\n\n<li>INFOMATRIX \u2013 Rumani 2023 &amp; 2024: Medalje bronzi p\u00ebr projekte n\u00eb teknologji;<\/li>\n\n\n\n<li>ASEF \u2013 Shqip\u00ebri (2013-2025): Fitues t\u00eb rregullt t\u00eb medaljeve n\u00eb kategorit\u00eb e shkencave natyrore, kompjuterike dhe shoq\u00ebrore;<\/li>\n\n\n\n<li>Ish-nx\u00ebn\u00ebsit e gjimnazit jan\u00eb pranuar n\u00eb universitete elitare, si: Harvard, Stanford, ETH Zurich, dhe jan\u00eb pjes\u00eb e programeve si US Air Force Academy.<\/li>\n<\/ul>\n\n\n\n<ul class=\"wp-block-list\">\n<li>Eureka (2013-2025): Gjimnazi \u201cHasan Nahi\u201d ndihet krenar me organizimin e nj\u00ebr\u00ebs nd\u00ebr garat m\u00eb t\u00eb m\u00ebdha n\u00eb Kosov\u00eb p\u00ebr nx\u00ebn\u00ebsit e klasave t\u00eb 9-ta n\u00eb fush\u00ebn e matematik\u00ebs dhe t\u00eb logjik\u00ebs.<br><em>N\u00eb edicionin e 4-t\u00eb (n\u00eb vitin 2016) kjo gar\u00eb mblodhi mbi 2000 nx\u00ebn\u00ebs pjes\u00ebmarr\u00ebs nga e gjith\u00eb Kosova dhe kjo ngjarje pati mbulim t\u00eb gjer\u00eb n\u00eb medie.<\/em><\/li>\n<\/ul>\n","protected":false},"excerpt":{"rendered":"<p>Nd\u00ebr arritjet m\u00eb t\u00eb m\u00ebdha p\u00ebrfshihen:<\/p>\n","protected":false},"author":1,"featured_media":0,"parent":0,"menu_order":0,"comment_status":"closed","ping_status":"closed","template":"","meta":{"footnotes":""},"class_list":["post-137","page","type-page","status-publish","hentry"],"_links":{"self":[{"href":"https:\/\/hasannahi.com\/index.php?rest_route=\/wp\/v2\/pages\/137","targetHints":{"allow":["GET"]}}],"collection":[{"href":"https:\/\/hasannahi.com\/index.php?rest_route=\/wp\/v2\/pages"}],"about":[{"href":"https:\/\/hasannahi.com\/index.php?rest_route=\/wp\/v2\/types\/page"}],"author":[{"embeddable":true,"href":"https:\/\/hasannahi.com\/index.php?rest_route=\/wp\/v2\/users\/1"}],"replies":[{"embeddable":true,"href":"https:\/\/hasannahi.com\/index.php?rest_route=%2Fwp%2Fv2%2Fcomments&post=137"}],"version-history":[{"count":1,"href":"https:\/\/hasannahi.com\/index.php?rest_route=\/wp\/v2\/pages\/137\/revisions"}],"predecessor-version":[{"id":138,"href":"https:\/\/hasannahi.com\/index.php?rest_route=\/wp\/v2\/pages\/137\/revisions\/138"}],"wp:attachment":[{"href":"https:\/\/hasannahi.com\/index.php?rest_route=%2Fwp%2Fv2%2Fmedia&parent=137"}],"curies":[{"name":"wp","href":"https:\/\/api.w.org\/{rel}","templated":true}]}}