{"id":139,"date":"2025-06-12T08:58:52","date_gmt":"2025-06-12T08:58:52","guid":{"rendered":"https:\/\/hasannahi.com\/?page_id=139"},"modified":"2025-06-12T08:58:52","modified_gmt":"2025-06-12T08:58:52","slug":"kalendari-akademik","status":"publish","type":"page","link":"https:\/\/hasannahi.com\/?page_id=139","title":{"rendered":"Kalendari akademik"},"content":{"rendered":"\n<p>Viti shkollor ndahet n\u00eb dy semestra:<\/p>\n\n\n\n<ul class=\"wp-block-list\">\n<li>Semestri i par\u00eb: shtator \u2013 janar;<\/li>\n\n\n\n<li>Semestri i dyt\u00eb: shkurt \u2013 qershor.<\/li>\n<\/ul>\n\n\n\n<p>Kalendari p\u00ebrfshin:<\/p>\n\n\n\n<ul class=\"wp-block-list\">\n<li>Provime p\u00ebrfundimtare t\u00eb \u00e7do periudhe;<\/li>\n\n\n\n<li>Jav\u00ebt e projekteve dhe inovacioneve;<\/li>\n\n\n\n<li>Pushimet vjeshtore, dim\u00ebrore, pranverore dhe dit\u00ebt zyrtare t\u00eb Republik\u00ebs s\u00eb Kosov\u00ebs;<\/li>\n\n\n\n<li>Aktivitetet nd\u00ebrkomb\u00ebtare (garat, kampet e ver\u00ebs, trajnimet jasht\u00eb vendit) etj.<\/li>\n<\/ul>\n","protected":false},"excerpt":{"rendered":"<p>Viti shkollor ndahet n\u00eb dy semestra: Kalendari p\u00ebrfshin:<\/p>\n","protected":false},"author":1,"featured_media":0,"parent":0,"menu_order":0,"comment_status":"closed","ping_status":"closed","template":"","meta":{"footnotes":""},"class_list":["post-139","page","type-page","status-publish","hentry"],"_links":{"self":[{"href":"https:\/\/hasannahi.com\/index.php?rest_route=\/wp\/v2\/pages\/139","targetHints":{"allow":["GET"]}}],"collection":[{"href":"https:\/\/hasannahi.com\/index.php?rest_route=\/wp\/v2\/pages"}],"about":[{"href":"https:\/\/hasannahi.com\/index.php?rest_route=\/wp\/v2\/types\/page"}],"author":[{"embeddable":true,"href":"https:\/\/hasannahi.com\/index.php?rest_route=\/wp\/v2\/users\/1"}],"replies":[{"embeddable":true,"href":"https:\/\/hasannahi.com\/index.php?rest_route=%2Fwp%2Fv2%2Fcomments&post=139"}],"version-history":[{"count":1,"href":"https:\/\/hasannahi.com\/index.php?rest_route=\/wp\/v2\/pages\/139\/revisions"}],"predecessor-version":[{"id":140,"href":"https:\/\/hasannahi.com\/index.php?rest_route=\/wp\/v2\/pages\/139\/revisions\/140"}],"wp:attachment":[{"href":"https:\/\/hasannahi.com\/index.php?rest_route=%2Fwp%2Fv2%2Fmedia&parent=139"}],"curies":[{"name":"wp","href":"https:\/\/api.w.org\/{rel}","templated":true}]}}