{"id":14,"date":"2025-05-26T13:32:17","date_gmt":"2025-05-26T13:32:17","guid":{"rendered":"https:\/\/hasannahi.com\/?page_id=14"},"modified":"2025-06-12T09:06:09","modified_gmt":"2025-06-12T09:06:09","slug":"kontakti","status":"publish","type":"page","link":"https:\/\/hasannahi.com\/?page_id=14","title":{"rendered":"Kontakti"},"content":{"rendered":"\n<div class=\"wp-block-columns is-layout-flex wp-container-core-columns-is-layout-9d6595d7 wp-block-columns-is-layout-flex\">\n<div class=\"wp-block-column is-layout-flow wp-block-column-is-layout-flow\">\n<p class=\"has-medium-font-size\"><strong>Orari i pun\u00ebs<\/strong><\/p>\n\n\n\n<ul class=\"wp-block-list\">\n<li>e h\u00ebn\u00eb &#8211; e premte : 08:00 &#8211; 16:00<\/li>\n\n\n\n<li>e shtun\u00eb : 09:00 &#8211; 13:00<\/li>\n<\/ul>\n\n\n\n<p class=\"has-medium-font-size\"><strong>Adresa<\/strong> : Banull\u00eb-Lipjan, Kosov\u00eb<\/p>\n\n\n\n<p class=\"has-medium-font-size\"><strong>Telefoni<\/strong> : +383 49 123 456<\/p>\n\n\n\n<p class=\"has-medium-font-size\"><strong>Email <\/strong>: gjimnazihasannahi@gmail.com<\/p>\n<\/div>\n\n\n\n<div class=\"wp-block-column is-layout-flow wp-block-column-is-layout-flow\">\n<iframe src=\"https:\/\/www.google.com\/maps\/embed?pb=!1m13!1m8!1m3!1d1744.396356625748!2d21.164722!3d42.5095!3m2!1i1024!2i768!4f13.1!3m2!1m1!2zNDLCsDMwJzM0LjIiTiAyMcKwMDknNTMuMCJF!5e1!3m2!1sen!2sus!4v1748274067349!5m2!1sen!2sus\" width=\"600\" height=\"450\" style=\"border:0;\" allowfullscreen=\"\" loading=\"lazy\" referrerpolicy=\"no-referrer-when-downgrade\"><\/iframe>\n<\/div>\n<\/div>\n\n\n\n<p>P\u00ebr \u00e7do pyetje apo vizit\u00eb fizike, jeni t\u00eb mir\u00ebpritur n\u00eb ambientet e shkoll\u00ebs son\u00eb.<\/p>\n","protected":false},"excerpt":{"rendered":"<p>Orari i pun\u00ebs Adresa : Banull\u00eb-Lipjan, Kosov\u00eb Telefoni : +383 49 123 456 Email : gjimnazihasannahi@gmail.com P\u00ebr \u00e7do pyetje apo vizit\u00eb fizike, jeni t\u00eb mir\u00ebpritur n\u00eb ambientet e shkoll\u00ebs son\u00eb.<\/p>\n","protected":false},"author":1,"featured_media":0,"parent":0,"menu_order":0,"comment_status":"closed","ping_status":"closed","template":"","meta":{"footnotes":""},"class_list":["post-14","page","type-page","status-publish","hentry"],"_links":{"self":[{"href":"https:\/\/hasannahi.com\/index.php?rest_route=\/wp\/v2\/pages\/14","targetHints":{"allow":["GET"]}}],"collection":[{"href":"https:\/\/hasannahi.com\/index.php?rest_route=\/wp\/v2\/pages"}],"about":[{"href":"https:\/\/hasannahi.com\/index.php?rest_route=\/wp\/v2\/types\/page"}],"author":[{"embeddable":true,"href":"https:\/\/hasannahi.com\/index.php?rest_route=\/wp\/v2\/users\/1"}],"replies":[{"embeddable":true,"href":"https:\/\/hasannahi.com\/index.php?rest_route=%2Fwp%2Fv2%2Fcomments&post=14"}],"version-history":[{"count":20,"href":"https:\/\/hasannahi.com\/index.php?rest_route=\/wp\/v2\/pages\/14\/revisions"}],"predecessor-version":[{"id":153,"href":"https:\/\/hasannahi.com\/index.php?rest_route=\/wp\/v2\/pages\/14\/revisions\/153"}],"wp:attachment":[{"href":"https:\/\/hasannahi.com\/index.php?rest_route=%2Fwp%2Fv2%2Fmedia&parent=14"}],"curies":[{"name":"wp","href":"https:\/\/api.w.org\/{rel}","templated":true}]}}