{"id":141,"date":"2025-06-12T08:59:38","date_gmt":"2025-06-12T08:59:38","guid":{"rendered":"https:\/\/hasannahi.com\/?page_id=141"},"modified":"2025-06-12T09:14:52","modified_gmt":"2025-06-12T09:14:52","slug":"garat-dhe-olimpiadat","status":"publish","type":"page","link":"https:\/\/hasannahi.com\/?page_id=141","title":{"rendered":"Garat dhe olimpiadat"},"content":{"rendered":"\n<p>Gjimnazi \u00ebsht\u00eb pjes\u00ebmarr\u00ebs aktiv n\u00eb garat si:<\/p>\n\n\n\n<ul class=\"wp-block-list\">\n<li>ASEF \u2013 Tiran\u00eb<\/li>\n\n\n\n<li>INFOMATRIX \u2013 Rumani<\/li>\n\n\n\n<li>GENIUS \u2013 SHBA<\/li>\n\n\n\n<li>Golden Climate \u2013 Kenia<\/li>\n\n\n\n<li>I-SWEEEP \u2013 SHBA<\/li>\n\n\n\n<li>INESPO \u2013 Holand\u00eb<\/li>\n<\/ul>\n\n\n\n<p>Shkolla i p\u00ebrgatit nx\u00ebn\u00ebsit me mentor\u00eb t\u00eb specializuar dhe organizon sesione parap\u00ebrgatitore p\u00ebr \u00e7do gar\u00eb nd\u00ebrkomb\u00ebtare.<\/p>\n","protected":false},"excerpt":{"rendered":"<p>Gjimnazi \u00ebsht\u00eb pjes\u00ebmarr\u00ebs aktiv n\u00eb garat si: Shkolla i p\u00ebrgatit nx\u00ebn\u00ebsit me mentor\u00eb t\u00eb specializuar dhe organizon sesione parap\u00ebrgatitore p\u00ebr \u00e7do gar\u00eb nd\u00ebrkomb\u00ebtare.<\/p>\n","protected":false},"author":1,"featured_media":0,"parent":0,"menu_order":0,"comment_status":"closed","ping_status":"closed","template":"","meta":{"footnotes":""},"class_list":["post-141","page","type-page","status-publish","hentry"],"_links":{"self":[{"href":"https:\/\/hasannahi.com\/index.php?rest_route=\/wp\/v2\/pages\/141","targetHints":{"allow":["GET"]}}],"collection":[{"href":"https:\/\/hasannahi.com\/index.php?rest_route=\/wp\/v2\/pages"}],"about":[{"href":"https:\/\/hasannahi.com\/index.php?rest_route=\/wp\/v2\/types\/page"}],"author":[{"embeddable":true,"href":"https:\/\/hasannahi.com\/index.php?rest_route=\/wp\/v2\/users\/1"}],"replies":[{"embeddable":true,"href":"https:\/\/hasannahi.com\/index.php?rest_route=%2Fwp%2Fv2%2Fcomments&post=141"}],"version-history":[{"count":2,"href":"https:\/\/hasannahi.com\/index.php?rest_route=\/wp\/v2\/pages\/141\/revisions"}],"predecessor-version":[{"id":166,"href":"https:\/\/hasannahi.com\/index.php?rest_route=\/wp\/v2\/pages\/141\/revisions\/166"}],"wp:attachment":[{"href":"https:\/\/hasannahi.com\/index.php?rest_route=%2Fwp%2Fv2%2Fmedia&parent=141"}],"curies":[{"name":"wp","href":"https:\/\/api.w.org\/{rel}","templated":true}]}}