{"id":143,"date":"2025-06-12T09:00:21","date_gmt":"2025-06-12T09:00:21","guid":{"rendered":"https:\/\/hasannahi.com\/?page_id=143"},"modified":"2025-06-12T09:00:21","modified_gmt":"2025-06-12T09:00:21","slug":"aplikimi-per-pune","status":"publish","type":"page","link":"https:\/\/hasannahi.com\/?page_id=143","title":{"rendered":"Aplikimi p\u00ebr pun\u00eb"},"content":{"rendered":"\n<p>N\u00ebse d\u00ebshironi t\u00eb b\u00ebheni pjes\u00eb e stafit t\u00eb gjimnazit \u201cHasan Nahi\u201d, ju ftojm\u00eb t\u00eb plot\u00ebsoni formularin online p\u00ebr aplikim.<\/p>\n\n\n\n<p>Dokumentet e k\u00ebrkuara:<\/p>\n\n\n\n<ul class=\"wp-block-list\">\n<li>Diplom\u00eb universitare n\u00eb fush\u00ebn p\u00ebrkat\u00ebse;<\/li>\n\n\n\n<li>Rezymeja personale (CV);<\/li>\n\n\n\n<li>Dokument t\u00eb identifikimit<\/li>\n\n\n\n<li>P\u00ebrvoj\u00eb arsimore ose pjes\u00ebmarrje n\u00eb projekte edukative.<\/li>\n<\/ul>\n\n\n\n<p>Aft\u00ebsit\u00eb e k\u00ebrkuara:<\/p>\n\n\n\n<ul class=\"wp-block-list\">\n<li>Aft\u00ebsi digjitale dhe nd\u00ebrdisiplinare;<\/li>\n\n\n\n<li>Shkatht\u00ebsi n\u00eb mentorim dhe komunikim me t\u00eb rinjt\u00eb;<\/li>\n\n\n\n<li>Aft\u00ebsi t\u00eb pun\u00ebs n\u00eb grup.<\/li>\n<\/ul>\n","protected":false},"excerpt":{"rendered":"<p>N\u00ebse d\u00ebshironi t\u00eb b\u00ebheni pjes\u00eb e stafit t\u00eb gjimnazit \u201cHasan Nahi\u201d, ju ftojm\u00eb t\u00eb plot\u00ebsoni formularin online p\u00ebr aplikim. Dokumentet e k\u00ebrkuara: Aft\u00ebsit\u00eb e k\u00ebrkuara:<\/p>\n","protected":false},"author":1,"featured_media":0,"parent":0,"menu_order":0,"comment_status":"closed","ping_status":"closed","template":"","meta":{"footnotes":""},"class_list":["post-143","page","type-page","status-publish","hentry"],"_links":{"self":[{"href":"https:\/\/hasannahi.com\/index.php?rest_route=\/wp\/v2\/pages\/143","targetHints":{"allow":["GET"]}}],"collection":[{"href":"https:\/\/hasannahi.com\/index.php?rest_route=\/wp\/v2\/pages"}],"about":[{"href":"https:\/\/hasannahi.com\/index.php?rest_route=\/wp\/v2\/types\/page"}],"author":[{"embeddable":true,"href":"https:\/\/hasannahi.com\/index.php?rest_route=\/wp\/v2\/users\/1"}],"replies":[{"embeddable":true,"href":"https:\/\/hasannahi.com\/index.php?rest_route=%2Fwp%2Fv2%2Fcomments&post=143"}],"version-history":[{"count":1,"href":"https:\/\/hasannahi.com\/index.php?rest_route=\/wp\/v2\/pages\/143\/revisions"}],"predecessor-version":[{"id":144,"href":"https:\/\/hasannahi.com\/index.php?rest_route=\/wp\/v2\/pages\/143\/revisions\/144"}],"wp:attachment":[{"href":"https:\/\/hasannahi.com\/index.php?rest_route=%2Fwp%2Fv2%2Fmedia&parent=143"}],"curies":[{"name":"wp","href":"https:\/\/api.w.org\/{rel}","templated":true}]}}