{"id":147,"date":"2025-06-12T09:01:16","date_gmt":"2025-06-12T09:01:16","guid":{"rendered":"https:\/\/hasannahi.com\/?page_id=147"},"modified":"2025-06-12T09:01:16","modified_gmt":"2025-06-12T09:01:16","slug":"keshillimi-per-karriere","status":"publish","type":"page","link":"https:\/\/hasannahi.com\/?page_id=147","title":{"rendered":"K\u00ebshillimi p\u00ebr karrier\u00eb"},"content":{"rendered":"\n<p>Departamenti i k\u00ebshillimit p\u00ebr karrier\u00eb ndihmon nx\u00ebn\u00ebsit n\u00eb:<\/p>\n\n\n\n<ul class=\"wp-block-list\">\n<li>Zgjedhjen e fush\u00ebs s\u00eb studimit;<\/li>\n\n\n\n<li>Aplikimin n\u00eb universitete;<\/li>\n\n\n\n<li>P\u00ebrgatitjen p\u00ebr teste t\u00eb ndryshme t\u00eb standardizuara nd\u00ebrkomb\u00ebtare, si: SAT, TOEFL, IELTS;<\/li>\n\n\n\n<li>K\u00ebshillim individual p\u00ebr rrug\u00ebt e zhvillimit profesional;<\/li>\n\n\n\n<li>Udh\u00ebzime p\u00ebr bursa dhe mund\u00ebsi studimi jasht\u00eb vendit.<\/li>\n<\/ul>\n","protected":false},"excerpt":{"rendered":"<p>Departamenti i k\u00ebshillimit p\u00ebr karrier\u00eb ndihmon nx\u00ebn\u00ebsit n\u00eb:<\/p>\n","protected":false},"author":1,"featured_media":0,"parent":0,"menu_order":0,"comment_status":"closed","ping_status":"closed","template":"","meta":{"footnotes":""},"class_list":["post-147","page","type-page","status-publish","hentry"],"_links":{"self":[{"href":"https:\/\/hasannahi.com\/index.php?rest_route=\/wp\/v2\/pages\/147","targetHints":{"allow":["GET"]}}],"collection":[{"href":"https:\/\/hasannahi.com\/index.php?rest_route=\/wp\/v2\/pages"}],"about":[{"href":"https:\/\/hasannahi.com\/index.php?rest_route=\/wp\/v2\/types\/page"}],"author":[{"embeddable":true,"href":"https:\/\/hasannahi.com\/index.php?rest_route=\/wp\/v2\/users\/1"}],"replies":[{"embeddable":true,"href":"https:\/\/hasannahi.com\/index.php?rest_route=%2Fwp%2Fv2%2Fcomments&post=147"}],"version-history":[{"count":1,"href":"https:\/\/hasannahi.com\/index.php?rest_route=\/wp\/v2\/pages\/147\/revisions"}],"predecessor-version":[{"id":148,"href":"https:\/\/hasannahi.com\/index.php?rest_route=\/wp\/v2\/pages\/147\/revisions\/148"}],"wp:attachment":[{"href":"https:\/\/hasannahi.com\/index.php?rest_route=%2Fwp%2Fv2%2Fmedia&parent=147"}],"curies":[{"name":"wp","href":"https:\/\/api.w.org\/{rel}","templated":true}]}}