{"id":16,"date":"2025-05-26T13:32:47","date_gmt":"2025-05-26T13:32:47","guid":{"rendered":"https:\/\/hasannahi.com\/?page_id=16"},"modified":"2025-06-12T08:55:09","modified_gmt":"2025-06-12T08:55:09","slug":"rreth-nesh","status":"publish","type":"page","link":"https:\/\/hasannahi.com\/?page_id=16","title":{"rendered":"Rreth Nesh"},"content":{"rendered":"\n<p>Gjimnazi \u201c<strong><em>Hasan Nahi<\/em><\/strong>\u201d \u00ebsht\u00eb institucion arsimor i mes\u00ebm i lart\u00eb. Q\u00eb nga themelimi i tij n\u00eb vitin 2013 ka shquar veten p\u00ebr cil\u00ebsin\u00eb e lart\u00eb t\u00eb m\u00ebsimdh\u00ebnies, p\u00ebrkushtimin ndaj zhvillimit t\u00eb mendimit kritik dhe pjes\u00ebmarrjes s\u00eb nx\u00ebn\u00ebsve n\u00eb gara komb\u00ebtare e nd\u00ebrkomb\u00ebtare. Si nj\u00eb nd\u00ebr gjimnazet m\u00eb t\u00eb njohura n\u00eb Kosov\u00eb, \u201c<em>Hasan Nahi<\/em>\u201d \u00ebsht\u00eb m\u00eb shum\u00eb se nj\u00eb institucion edukativ \u2013 \u00ebsht\u00eb nj\u00eb komunitet q\u00eb nd\u00ebrton lider\u00eb t\u00eb s\u00eb ardhmes p\u00ebrmes dijes, inovacionit dhe vlerave t\u00eb q\u00ebndrueshme.<\/p>\n","protected":false},"excerpt":{"rendered":"<p>Gjimnazi \u201cHasan Nahi\u201d \u00ebsht\u00eb institucion arsimor i mes\u00ebm i lart\u00eb. Q\u00eb nga themelimi i tij n\u00eb vitin 2013 ka shquar veten p\u00ebr cil\u00ebsin\u00eb e lart\u00eb t\u00eb m\u00ebsimdh\u00ebnies, p\u00ebrkushtimin ndaj zhvillimit t\u00eb mendimit kritik dhe pjes\u00ebmarrjes s\u00eb nx\u00ebn\u00ebsve n\u00eb gara komb\u00ebtare e nd\u00ebrkomb\u00ebtare. Si nj\u00eb nd\u00ebr gjimnazet m\u00eb t\u00eb njohura n\u00eb Kosov\u00eb, \u201cHasan Nahi\u201d \u00ebsht\u00eb m\u00eb [&hellip;]<\/p>\n","protected":false},"author":1,"featured_media":0,"parent":0,"menu_order":0,"comment_status":"closed","ping_status":"closed","template":"","meta":{"footnotes":""},"class_list":["post-16","page","type-page","status-publish","hentry"],"_links":{"self":[{"href":"https:\/\/hasannahi.com\/index.php?rest_route=\/wp\/v2\/pages\/16","targetHints":{"allow":["GET"]}}],"collection":[{"href":"https:\/\/hasannahi.com\/index.php?rest_route=\/wp\/v2\/pages"}],"about":[{"href":"https:\/\/hasannahi.com\/index.php?rest_route=\/wp\/v2\/types\/page"}],"author":[{"embeddable":true,"href":"https:\/\/hasannahi.com\/index.php?rest_route=\/wp\/v2\/users\/1"}],"replies":[{"embeddable":true,"href":"https:\/\/hasannahi.com\/index.php?rest_route=%2Fwp%2Fv2%2Fcomments&post=16"}],"version-history":[{"count":3,"href":"https:\/\/hasannahi.com\/index.php?rest_route=\/wp\/v2\/pages\/16\/revisions"}],"predecessor-version":[{"id":128,"href":"https:\/\/hasannahi.com\/index.php?rest_route=\/wp\/v2\/pages\/16\/revisions\/128"}],"wp:attachment":[{"href":"https:\/\/hasannahi.com\/index.php?rest_route=%2Fwp%2Fv2%2Fmedia&parent=16"}],"curies":[{"name":"wp","href":"https:\/\/api.w.org\/{rel}","templated":true}]}}